{"id":28,"date":"2025-11-17T05:58:28","date_gmt":"2025-11-17T05:58:28","guid":{"rendered":"https:\/\/04tr88.one\/?page_id=28"},"modified":"2025-11-18T04:22:57","modified_gmt":"2025-11-18T04:22:57","slug":"trang-chu","status":"publish","type":"page","link":"https:\/\/04tr88.one\/","title":{"rendered":"Trang Ch\u1ee7"},"content":{"rendered":"\t<div class=\"img has-hover x md-x lg-x y md-y lg-y\" id=\"image_1872462627\">\n\t\t<a class=\"\" href=\"https:\/\/04tr88.one\/qc\/1\" target=\"_blank\" rel=\"noopener\" >\t\t\t\t\t\t<div class=\"img-inner dark\" >\n\t\t\t<img loading=\"lazy\" decoding=\"async\" width=\"1920\" height=\"455\" src=\"https:\/\/04tr88.one\/wp-content\/uploads\/2025\/11\/napdau-tr88.webp\" class=\"attachment-original size-original\" alt=\"04tr88\" srcset=\"https:\/\/04tr88.one\/wp-content\/uploads\/2025\/11\/napdau-tr88.webp 1920w, https:\/\/04tr88.one\/wp-content\/uploads\/2025\/11\/napdau-tr88-300x71.webp 300w, https:\/\/04tr88.one\/wp-content\/uploads\/2025\/11\/napdau-tr88-1024x243.webp 1024w, https:\/\/04tr88.one\/wp-content\/uploads\/2025\/11\/napdau-tr88-768x182.webp 768w, https:\/\/04tr88.one\/wp-content\/uploads\/2025\/11\/napdau-tr88-1536x364.webp 1536w\" sizes=\"auto, (max-width: 1920px) 100vw, 1920px\" \/>\t\t\t\t\t\t\n\t\t\t\t\t<\/div>\n\t\t\t\t\t\t<\/a>\t\t\n<style>\n#image_1872462627 {\n  width: 100%;\n}\n<\/style>\n\t<\/div>\n\t\n<div class=\"row\"  id=\"row-532045378\">\n\n\t<div id=\"col-788107994\" class=\"col small-12 large-12\"  >\n\t\t\t\t<div class=\"col-inner\"  >\n\t\t\t\n\t\t\t\n\t<div id=\"text-2492155514\" class=\"text\">\n\t\t\n<h1 style=\"text-align: center;\"><span style=\"color: #ed1c24; font-family: verdana, geneva, sans-serif;\"><strong><span style=\"color: #ed1c24;\"><a style=\"color: #ed1c24;\" href=\"https:\/\/www.06tr88.com\/\" target=\"_blank\" rel=\"noopener\">04TR88<\/a> <\/span>\u2013 Trang ch\u1ee7 TR88 com \u0111\u0103ng k\u00fd t\u1ea3i app nh\u1eadn ngay 988k<\/strong><\/span><\/h1>\n<blockquote>\n<p data-start=\"103\" data-end=\"470\"><span style=\"font-family: verdana, geneva, sans-serif;\"><span style=\"color: #ed1c24;\"><a style=\"color: #ed1c24;\" href=\"https:\/\/04tr88.one\/\" target=\"_blank\" rel=\"noopener\">TR88<\/a> <\/span>l\u00e0 m\u1ed9t th\u01b0\u01a1ng hi\u1ec7u gi\u1ea3i tr\u00ed tr\u1ef1c tuy\u1ebfn tuy m\u1edbi xu\u1ea5t hi\u1ec7n nh\u01b0ng \u0111\u00e3 nhanh ch\u00f3ng kh\u1eb3ng \u0111\u1ecbnh \u0111\u01b0\u1ee3c t\u00ean tu\u1ed5i trong c\u1ed9ng \u0111\u1ed3ng ng\u01b0\u1eddi ch\u01a1i Vi\u1ec7t Nam, mang \u0111\u1ebfn cho h\u1ed9i vi\u00ean s\u1ef1 y\u00ean t\u00e2m tuy\u1ec7t \u0111\u1ed1i v\u1ec1 \u0111\u1ed9 uy t\u00edn v\u00e0 minh b\u1ea1ch. T\u1ea1i \u0111\u00e2y, b\u1ea1n c\u00f3 th\u1ec3 th\u1ecfa s\u1ee9c kh\u00e1m ph\u00e1 kho game \u0111a d\u1ea1ng, r\u1ef1c r\u1ee1 s\u1eafc m\u00e0u c\u00f9ng lo\u1ea1t khuy\u1ebfn m\u00e3i \u201csi\u00eau \u0111\u1ec9nh\u201d v\u00e0 l\u00f4i cu\u1ed1n m\u1ed7i ng\u00e0y. H\u00e3y nhanh tay \u0111\u0103ng k\u00fd \u0111\u1ec3 gia nh\u1eadp \u0111\u01b0\u1eddng \u0111ua s\u0103n th\u01b0\u1edfng v\u00e0 b\u00f9ng n\u1ed5 c\u00f9ng \u01b0u \u0111\u00e3i kh\u1ee7ng t\u1ea1i TR88.<\/span><\/p>\n<p data-start=\"103\" data-end=\"470\"><span style=\"font-family: verdana, geneva, sans-serif;\">Link truy c\u1eadp c\u1ed5ng game 04tr88:<span style=\"color: #ed1c24;\"> <a style=\"color: #ed1c24;\" href=\"https:\/\/04tr88.one\/\"><strong>https:\/\/04tr88.one\/<\/strong><\/a><\/span><\/span><\/p>\n<\/blockquote>\n<h2><span style=\"color: #ed1c24; font-family: verdana, geneva, sans-serif;\"><b>T\u1ed5ng h\u1ee3p nh\u1eefng \u01b0u \u0111i\u1ec3m n\u1ed5i b\u1eadt<\/b><\/span><\/h2>\n<p><span style=\"font-family: verdana, geneva, sans-serif;\">Th\u00e0nh c\u00f4ng l\u1edbn nh\u1ea5t c\u1ee7a 04TR88 cho \u0111\u1ebfn th\u1eddi \u0111i\u1ec3m hi\u1ec7n t\u1ea1i l\u00e0 nh\u1eadn \u0111\u01b0\u1ee3c s\u1ef1 y\u00eau th\u00edch c\u1ee7a h\u00e0ng tri\u1ec7u ng\u01b0\u1eddi ch\u01a1i. \u0110i\u1ec1u n\u00e0y v\u1eeba kh\u1eb3ng \u0111\u1ecbnh s\u1ef1 trung th\u1ef1c, v\u1eeba th\u1ec3 hi\u1ec7n ch\u1ea5t l\u01b0\u1ee3ng s\u1ea3n ph\u1ea9m v\u00e0 d\u1ecbch v\u1ee5 tuy\u1ec7t v\u1eddi c\u1ee7a nh\u00e0 c\u00e1i. D\u01b0\u1edbi \u0111\u00e2y l\u00e0 1 s\u1ed1 \u01b0u \u0111i\u1ec3m n\u1ed5i b\u1eadt:<\/span><\/p>\n<h3><span style=\"color: #ed1c24; font-family: verdana, geneva, sans-serif;\"><b>Giao Di\u1ec7n \u0110\u01b0\u1ee3c T\u1ed1i \u01afu H\u00f3a<\/b><\/span><\/h3>\n<p><span style=\"font-family: verdana, geneva, sans-serif;\"><b>04TR88 <\/b>Giao di\u1ec7n \u0111\u01b0\u1ee3c thi\u1ebft k\u1ebf theo phong c\u00e1ch t\u1ed1i gi\u1ea3n v\u00e0 hi\u1ec7n \u0111\u1ea1i. B\u1ed1 c\u1ee5c \u0111\u01b0\u1ee3c x\u00e2y d\u1ef1ng d\u1ef1a tr\u00ean nghi\u00ean c\u1ee9u th\u00f3i quen c\u1ee7a game th\u1ee7 Vi\u1ec7t, gi\u00fap ng\u01b0\u1eddi d\u00f9ng truy c\u1eadp nhanh c\u00e1c ch\u1ee9c n\u0103ng quan tr\u1ecdng nh\u01b0: t\u1ea1o t\u00e0i kho\u1ea3n, \u0111\u0103ng nh\u1eadp, c\u00e1c danh m\u1ee5c game, qu\u1ea3n l\u00fd v\u00ed, live chat, \u01b0u \u0111\u00e3i h\u1ed9i vi\u00ean v\u00e0 li\u00ean k\u1ebft t\u1ea3i app.<\/span><\/p>\n<h3><span style=\"color: #ed1c24; font-family: verdana, geneva, sans-serif;\"><b>B\u1ea3o M\u1eadt \u0110a T\u1ea7ng, B\u1ea3o V\u1ec7 Quy\u1ec1n Ri\u00eang T\u01b0 Tuy\u1ec7t \u0110\u1ed1i<\/b><\/span><\/h3>\n<p><span style=\"font-family: verdana, geneva, sans-serif;\">Ngay khi ti\u1ebfp nh\u1eadn d\u1eef li\u1ec7u, s\u00e2n ch\u01a1i k\u00edch ho\u1ea1t h\u1ec7 th\u1ed1ng m\u00e3 h\u00f3a\u00a0SSL 256-bit m\u1edbi nh\u1ea5t \u0111\u1ec3 qu\u1ea3n l\u00fd giao d\u1ecbch c\u0169ng nh\u01b0 th\u00f4ng tin. M\u1ecdi d\u1eef li\u1ec7u \u0111\u1ec1u \u0111\u1ee9ng sau nhi\u1ec1u b\u1ee9c t\u01b0\u1eddng l\u1eeda n\u00ean h\u1ed9i vi\u00ean lu\u00f4n an t\u00e2m kh\u00f4ng b\u1ecb r\u00f2 r\u1ec9. Ng\u01b0\u1eddi ch\u01a1i d\u1ec5 d\u00e0ng ki\u1ec3m so\u00e1t \u0111\u01b0\u1ee3c th\u00f4ng tin c\u00e1 nh\u00e2n n\u1eb1m trong v\u00f9ng an to\u00e0n.<\/span><\/p>\n<h3><span style=\"color: #ed1c24; font-family: verdana, geneva, sans-serif;\"><b>Kho game 04TR88 \u0111ang cung c\u1ea5p hi\u1ec7n nay<\/b><\/span><\/h3>\n<p><span style=\"font-family: verdana, geneva, sans-serif;\">H\u1ec7 th\u1ed1ng\u00a0<strong>game TR88 com <\/strong>l\u00e0 m\u1ed9t trong nh\u1eefng \u0111i\u1ec3m n\u1ed5i b\u1eadt, cung c\u1ea5p 8 d\u1ecbch v\u1ee5 kh\u00e1c nhau v\u1edbi h\u01a1n 1.000 t\u1ef1a game trong th\u1eddi \u0111i\u1ec3m hi\u1ec7n t\u1ea1i. M\u1ed7i tr\u00f2 ch\u01a1i \u0111\u1ec1u \u0111\u01b0\u1ee3c ho\u00e0n thi\u1ec7n ch\u1ec9n chu v\u1ec1 m\u1eb7t h\u00ecnh \u1ea3nh l\u1eabn \u00e2m thanh. \u0110i\u1ec1u n\u00e0y mang \u0111\u1ebfn tr\u1ea3i nghi\u1ec7m ch\u01a1i ch\u00e2n th\u1ef1c v\u00e0 h\u1ee9ng kh\u1edfi cho th\u00e0nh vi\u00ean.<\/span><\/p>\n<ul>\n<li><span style=\"font-family: verdana, geneva, sans-serif;\">C\u00e1 c\u01b0\u1ee3c th\u1ec3 thao theo m\u00f9a gi\u1ea3i l\u1edbn trong v\u00e0 ngo\u00e0i n\u01b0\u1edbc<\/span><\/li>\n<li><span style=\"font-family: verdana, geneva, sans-serif;\">Game truy\u1ec1n th\u1ed1ng nh\u01b0 t\u00e0i x\u1ec9u, x\u00f3c \u0111\u0129a, l\u00f4 \u0111\u1ec1<\/span><\/li>\n<li><span style=\"font-family: verdana, geneva, sans-serif;\">Slot game \u0111a d\u1ea1ng, hi\u1ec7u \u1ee9ng b\u1eaft m\u1eaft<\/span><\/li>\n<li><span style=\"font-family: verdana, geneva, sans-serif;\">Casino tr\u1ef1c tuy\u1ebfn v\u1edbi dealer xinh \u0111\u1eb9p, livestream ch\u1ea5t l\u01b0\u1ee3ng HD<\/span><\/li>\n<li><span style=\"font-family: verdana, geneva, sans-serif;\">Mini game gi\u1ea3i tr\u00ed nhanh, ph\u00f9 h\u1ee3p m\u1ecdi khung gi\u1edd<\/span><\/li>\n<\/ul>\n\t\t\n<style>\n#text-2492155514 {\n  color: rgb(0,0,0);\n}\n#text-2492155514 > * {\n  color: rgb(0,0,0);\n}\n<\/style>\n\t<\/div>\n\t\n\t\t<\/div>\n\t\t\t\t\t<\/div>\n\n\t\n<\/div>\n<div class=\"row\"  id=\"row-388695633\">\n\n\t<div id=\"col-385703703\" class=\"col medium-8 small-12 large-8\"  >\n\t\t\t\t<div class=\"col-inner text-center\"  >\n\t\t\t\n\t\t\t\n\t<div class=\"img has-hover x md-x lg-x y md-y lg-y\" id=\"image_1017111908\">\n\t\t<a class=\"\" href=\"https:\/\/04tr88.one\/qc\/2\" target=\"_blank\" rel=\"noopener\">\t\t\t\t\t\t<div class=\"img-inner dark\" >\n\t\t\t<img loading=\"lazy\" decoding=\"async\" width=\"633\" height=\"283\" src=\"https:\/\/04tr88.one\/wp-content\/uploads\/2025\/11\/TR88-casino.png\" class=\"attachment-original size-original\" alt=\"TR88\" srcset=\"https:\/\/04tr88.one\/wp-content\/uploads\/2025\/11\/TR88-casino.png 633w, https:\/\/04tr88.one\/wp-content\/uploads\/2025\/11\/TR88-casino-300x134.png 300w\" sizes=\"auto, (max-width: 633px) 100vw, 633px\" \/>\t\t\t\t\t\t\n\t\t\t\t\t<\/div>\n\t\t\t\t\t\t<\/a>\t\t\n<style>\n#image_1017111908 {\n  width: 96%;\n}\n<\/style>\n\t<\/div>\n\t\n\t\t<\/div>\n\t\t\t\t\t<\/div>\n\n\t\n\n\t<div id=\"col-1277378517\" class=\"col medium-4 small-12 large-4\"  >\n\t\t\t\t<div class=\"col-inner text-right\"  >\n\t\t\t\n\t\t\t\n\t<div class=\"img has-hover x md-x lg-x y md-y lg-y\" id=\"image_704030867\">\n\t\t<a class=\"\" href=\"https:\/\/04tr88.one\/qc\/2\" target=\"_blank\" rel=\"noopener\">\t\t\t\t\t\t<div class=\"img-inner dark\" >\n\t\t\t<img loading=\"lazy\" decoding=\"async\" width=\"308\" height=\"284\" src=\"https:\/\/04tr88.one\/wp-content\/uploads\/2025\/11\/TR88-TT.png\" class=\"attachment-original size-original\" alt=\"TR88\" srcset=\"https:\/\/04tr88.one\/wp-content\/uploads\/2025\/11\/TR88-TT.png 308w, https:\/\/04tr88.one\/wp-content\/uploads\/2025\/11\/TR88-TT-300x277.png 300w\" sizes=\"auto, (max-width: 308px) 100vw, 308px\" \/>\t\t\t\t\t\t\n\t\t\t\t\t<\/div>\n\t\t\t\t\t\t<\/a>\t\t\n<style>\n#image_704030867 {\n  width: 100%;\n}\n<\/style>\n\t<\/div>\n\t\n\t\t<\/div>\n\t\t\t\t\t<\/div>\n\n\t\n<\/div>\n<div class=\"row\"  id=\"row-1183235116\">\n\n\t<div id=\"col-855858414\" class=\"col medium-3 small-6 large-3\"  >\n\t\t\t\t<div class=\"col-inner\"  >\n\t\t\t\n\t\t\t\n\t<div class=\"img has-hover x md-x lg-x y md-y lg-y\" id=\"image_2081143981\">\n\t\t\t\t\t\t\t\t<div class=\"img-inner dark\" >\n\t\t\t<img loading=\"lazy\" decoding=\"async\" width=\"308\" height=\"284\" src=\"https:\/\/04tr88.one\/wp-content\/uploads\/2025\/11\/TR88-BANCA.png\" class=\"attachment-original size-original\" alt=\"\" srcset=\"https:\/\/04tr88.one\/wp-content\/uploads\/2025\/11\/TR88-BANCA.png 308w, https:\/\/04tr88.one\/wp-content\/uploads\/2025\/11\/TR88-BANCA-300x277.png 300w\" sizes=\"auto, (max-width: 308px) 100vw, 308px\" \/>\t\t\t\t\t\t\n\t\t\t\t\t<\/div>\n\t\t\t\t\t\t\t\t\n<style>\n#image_2081143981 {\n  width: 100%;\n}\n<\/style>\n\t<\/div>\n\t\n\t\t<\/div>\n\t\t\t\t\t<\/div>\n\n\t\n\n\t<div id=\"col-1643721477\" class=\"col medium-3 small-6 large-3\"  >\n\t\t\t\t<div class=\"col-inner\"  >\n\t\t\t\n\t\t\t\n\t<div class=\"img has-hover x md-x lg-x y md-y lg-y\" id=\"image_1836667548\">\n\t\t<a class=\"\" href=\"https:\/\/04tr88.one\/qc\/2\" target=\"_blank\" rel=\"noopener\">\t\t\t\t\t\t<div class=\"img-inner dark\" >\n\t\t\t<img loading=\"lazy\" decoding=\"async\" width=\"308\" height=\"284\" src=\"https:\/\/04tr88.one\/wp-content\/uploads\/2025\/11\/TR88-NOHU.png\" class=\"attachment-original size-original\" alt=\"TR88\" srcset=\"https:\/\/04tr88.one\/wp-content\/uploads\/2025\/11\/TR88-NOHU.png 308w, https:\/\/04tr88.one\/wp-content\/uploads\/2025\/11\/TR88-NOHU-300x277.png 300w\" sizes=\"auto, (max-width: 308px) 100vw, 308px\" \/>\t\t\t\t\t\t\n\t\t\t\t\t<\/div>\n\t\t\t\t\t\t<\/a>\t\t\n<style>\n#image_1836667548 {\n  width: 100%;\n}\n<\/style>\n\t<\/div>\n\t\n\t\t<\/div>\n\t\t\t\t\t<\/div>\n\n\t\n\n\t<div id=\"col-2106132952\" class=\"col medium-3 small-6 large-3\"  >\n\t\t\t\t<div class=\"col-inner\"  >\n\t\t\t\n\t\t\t\n\t<div class=\"img has-hover x md-x lg-x y md-y lg-y\" id=\"image_1883636687\">\n\t\t<a class=\"\" href=\"https:\/\/04tr88.one\/qc\/2\" target=\"_blank\" rel=\"noopener\">\t\t\t\t\t\t<div class=\"img-inner dark\" >\n\t\t\t<img loading=\"lazy\" decoding=\"async\" width=\"308\" height=\"284\" src=\"https:\/\/04tr88.one\/wp-content\/uploads\/2025\/11\/TR88-GAME.png\" class=\"attachment-original size-original\" alt=\"\" srcset=\"https:\/\/04tr88.one\/wp-content\/uploads\/2025\/11\/TR88-GAME.png 308w, https:\/\/04tr88.one\/wp-content\/uploads\/2025\/11\/TR88-GAME-300x277.png 300w\" sizes=\"auto, (max-width: 308px) 100vw, 308px\" \/>\t\t\t\t\t\t\n\t\t\t\t\t<\/div>\n\t\t\t\t\t\t<\/a>\t\t\n<style>\n#image_1883636687 {\n  width: 100%;\n}\n<\/style>\n\t<\/div>\n\t\n\t\t<\/div>\n\t\t\t\t\t<\/div>\n\n\t\n\n\t<div id=\"col-1156288583\" class=\"col medium-3 small-6 large-3\"  >\n\t\t\t\t<div class=\"col-inner\"  >\n\t\t\t\n\t\t\t\n\t<div class=\"img has-hover x md-x lg-x y md-y lg-y\" id=\"image_1133579696\">\n\t\t<a class=\"\" href=\"https:\/\/04tr88.one\/qc\/2\" target=\"_blank\" rel=\"noopener\">\t\t\t\t\t\t<div class=\"img-inner dark\" >\n\t\t\t<img loading=\"lazy\" decoding=\"async\" width=\"308\" height=\"284\" src=\"https:\/\/04tr88.one\/wp-content\/uploads\/2025\/11\/TR88-XS.png\" class=\"attachment-original size-original\" alt=\"TR88\" srcset=\"https:\/\/04tr88.one\/wp-content\/uploads\/2025\/11\/TR88-XS.png 308w, https:\/\/04tr88.one\/wp-content\/uploads\/2025\/11\/TR88-XS-300x277.png 300w\" sizes=\"auto, (max-width: 308px) 100vw, 308px\" \/>\t\t\t\t\t\t\n\t\t\t\t\t<\/div>\n\t\t\t\t\t\t<\/a>\t\t\n<style>\n#image_1133579696 {\n  width: 100%;\n}\n<\/style>\n\t<\/div>\n\t\n\t\t<\/div>\n\t\t\t\t\t<\/div>\n\n\t\n<\/div>\n<div class=\"row\"  id=\"row-133745468\">\n\n\t<div id=\"col-1687021841\" class=\"col small-12 large-12\"  >\n\t\t\t\t<div class=\"col-inner\"  >\n\t\t\t\n\t\t\t\n\t<div id=\"text-1437822930\" class=\"text\">\n\t\t\n<h3><span style=\"color: #ed1c24; font-family: verdana, geneva, sans-serif;\"><b>Giao D\u1ecbch R\u00f5 R\u00e0ng \u2013 X\u00e1c Th\u1ef1c Minh B\u1ea1ch<\/b><\/span><\/h3>\n<p><span style=\"font-family: verdana, geneva, sans-serif;\">M\u1ecdi thao t\u00e1c n\u1ea1p ho\u1eb7c r\u00fat \u0111\u1ec1u tr\u1ea3i qua quy tr\u00ecnh nghi\u00eam ng\u1eb7t: t\u1eeb nh\u1eadn l\u1ec7nh, \u0111\u1ed1i chi\u1ebfu danh t\u00ednh \u0111\u1ebfn ho\u00e0n t\u1ea5t x\u1eed l\u00fd. Th\u1eddi gian thanh to\u00e1n trung b\u00ecnh ch\u1ec9 t\u1eeb 5\u201310 ph\u00fat, kh\u00f4ng ph\u00e1t sinh ph\u00ed \u1ea9n. N\u1ec1n t\u1ea3ng c\u0169ng \u00e1p d\u1ee5ng ch\u00ednh s\u00e1ch quy \u0111\u1ed5i th\u01b0\u1edfng tr\u1ef1c ti\u1ebfp v\u1edbi t\u1ef7 l\u1ec7 r\u00f5 r\u00e0ng 1:1, gi\u00fap ng\u01b0\u1eddi ch\u01a1i an t\u00e2m t\u1ed1i \u0111a khi s\u1eed d\u1ee5ng d\u1ecbch v\u1ee5.<\/span><\/p>\n<h3><span style=\"color: #ed1c24; font-family: verdana, geneva, sans-serif;\"><b>H\u1ec7 Th\u1ed1ng Qu\u00e0 T\u1eb7ng Linh Ho\u1ea1t Theo T\u1eebng C\u1ea5p \u0110\u1ed9<\/b><\/span><\/h3>\n<p><span style=\"font-family: verdana, geneva, sans-serif;\">Ch\u00ednh s\u00e1ch khuy\u1ebfn m\u00e3i kh\u00f4ng \u0111\u01a1n thu\u1ea7n l\u00e0 nh\u1eefng ph\u1ea7n th\u01b0\u1edfng ng\u1eabu nhi\u00ean. T\u1eebng ch\u01b0\u01a1ng tr\u00ecnh \u0111\u01b0\u1ee3c c\u00e1 nh\u00e2n h\u00f3a theo nh\u00f3m th\u00e0nh vi\u00ean:<\/span><\/p>\n<ul>\n<li aria-level=\"1\"><span style=\"font-family: verdana, geneva, sans-serif;\"><strong>T\u00e2n th\u1ee7:<\/strong>\u00a0T\u1eb7ng ti\u1ec1n m\u1eb7t ngay sau khi \u0111\u0103ng k\u00fd, c\u1ed9ng th\u00eam \u01b0u \u0111\u00e3i cho 3 l\u1ea7n n\u1ea1p \u0111\u1ea7u.<\/span><\/li>\n<li aria-level=\"1\"><span style=\"font-family: verdana, geneva, sans-serif;\"><strong>Kh\u00e1ch th\u00e2n thi\u1ebft:<\/strong>\u00a0Ho\u00e0n ti\u1ec1n c\u01b0\u1ee3c h\u1eb1ng ng\u00e0y, qu\u00e0 sinh nh\u1eadt, th\u01b0\u1edfng \u0111i\u1ec3m danh, qu\u00e0 c\u1ee9u tr\u1ee3 khi chu\u1ed7i thua k\u00e9o d\u00e0i.<\/span><\/li>\n<li aria-level=\"1\"><span style=\"font-family: verdana, geneva, sans-serif;\"><strong>VIP:<\/strong>\u00a0Th\u01b0\u1edfng l\u01b0\u01a1ng tu\u1ea7n, qu\u00e0 ri\u00eang theo t\u1eebng m\u1ed1c x\u1ebfp h\u1ea1ng, v\u00e9 s\u1ef1 ki\u1ec7n \u0111\u1ed9c quy\u1ec1n\u2026<\/span><\/li>\n<\/ul>\n<h2><span style=\"font-family: verdana, geneva, sans-serif;\"><strong><span style=\"color: #ed1c24;\">K\u1ebft Lu\u1eadn<\/span><\/strong><\/span><\/h2>\n<p><span style=\"font-family: verdana, geneva, sans-serif;\">04tr88 \u0111\u00e3 x\u00e2y d\u1ef1ng m\u1ed9t n\u1ec1n t\u1ea3ng c\u00e1 c\u01b0\u1ee3c ch\u1ea5t l\u01b0\u1ee3ng cao \u0111\u1ec3 t\u1ea1o n\u00ean tr\u1ea3i nghi\u1ec7m ho\u00e0n ch\u1ec9nh cho h\u00e0ng ch\u1ee5c tri\u1ec7u h\u1ed9i vi\u00ean. C\u1eadp nh\u1eadt kho s\u1ea3n ph\u1ea9m, s\u1eed d\u1ee5ng d\u1ecbch v\u1ee5 v\u00e0 nh\u1eadn h\u1ed7 tr\u1ee3 CSKH b\u1ea1n s\u1ebd lu\u00f4n y\u00ean t\u00e2m th\u1ecfa m\u00e3n \u0111am m\u00ea v\u00e0 nh\u1eadn th\u01b0\u1edfng l\u1edbn.<\/span><br \/>\n\t\t\n<style>\n#text-1437822930 {\n  color: rgb(0,0,0);\n}\n#text-1437822930 > * {\n  color: rgb(0,0,0);\n}\n<\/style>\n\t<\/div>\n\t\n\t\t<\/div>\n\t\t\t\t\t<\/div>\n\n\t\n<\/div>\n<div class=\"container section-title-container\" ><h2 class=\"section-title section-title-center\"><b><\/b><span class=\"section-title-main\" style=\"color:rgb(255, 0, 0);\">V\u00ec sao TR88 \u0110\u01b0\u1ee3c ng\u01b0\u1eddi ch\u01a1i tin d\u00f9ng ?<\/span><b><\/b><\/h2><\/div>\n<div class=\"row\"  id=\"row-1705510202\">\n\n\t<div id=\"col-1578308324\" class=\"col medium-6 small-12 large-6\"  >\n\t\t\t\t<div class=\"col-inner\"  >\n\t\t\t\n\t\t\t\n\t<div class=\"img has-hover x md-x lg-x y md-y lg-y\" id=\"image_1794201670\">\n\t\t<a class=\"\" href=\"https:\/\/04tr88.one\/qc\/2\" target=\"_blank\" rel=\"noopener\">\t\t\t\t\t\t<div class=\"img-inner dark\" >\n\t\t\t<img loading=\"lazy\" decoding=\"async\" width=\"704\" height=\"267\" src=\"https:\/\/04tr88.one\/wp-content\/uploads\/2025\/11\/tr88-tai.webp\" class=\"attachment-original size-original\" alt=\"04tr88\" srcset=\"https:\/\/04tr88.one\/wp-content\/uploads\/2025\/11\/tr88-tai.webp 704w, https:\/\/04tr88.one\/wp-content\/uploads\/2025\/11\/tr88-tai-300x114.webp 300w\" sizes=\"auto, (max-width: 704px) 100vw, 704px\" \/>\t\t\t\t\t\t\n\t\t\t\t\t<\/div>\n\t\t\t\t\t\t<\/a>\t\t\n<style>\n#image_1794201670 {\n  width: 100%;\n}\n<\/style>\n\t<\/div>\n\t\n\t<div id=\"text-2343705898\" class=\"text\">\n\t\t\n<h3 style=\"text-align: center;\"><span style=\"font-family: verdana, geneva, sans-serif;\"><strong><span style=\"color: #ed1c24;\">T\u1ea3i App TR88 An To\u00e0n &#8211; Nhanh Ch\u00f3ng<\/span><\/strong><\/span><\/h3>\n<p><span style=\"font-family: verdana, geneva, sans-serif;\">04TR88 \u01b0u \u0111\u00e3i c\u1ef1c hot: ch\u1ec9 c\u1ea7n \u0111\u0103ng k\u00fd t\u00e0i kho\u1ea3n m\u1edbi, b\u1ea1n s\u1ebd nh\u1eadn l\u00ec x\u00ec l\u00ean t\u1edbi 988K Free. Kh\u00f4ng c\u1ea7n n\u1ea1p ti\u1ec1n, ng\u01b0\u1eddi ch\u01a1i c\u00f3 th\u1ec3 tr\u1ea3i nghi\u1ec7m casino, slot n\u1ed5 h\u0169, b\u1eafn c\u00e1 v\u00e0 c\u00e1 c\u01b0\u1ee3c th\u1ec3 thao mi\u1ec5n ph\u00ed. C\u01a1 h\u1ed9i gi\u1ea3i tr\u00ed v\u00e0 tr\u00fang th\u01b0\u1edfng l\u1edbn b\u1eaft \u0111\u1ea7u ngay t\u1ea1i tr88.com<\/span><br \/>\n\t\t\n<style>\n#text-2343705898 {\n  color: rgb(0,0,0);\n}\n#text-2343705898 > * {\n  color: rgb(0,0,0);\n}\n<\/style>\n\t<\/div>\n\t\n\t\t<\/div>\n\t\t\t\t\t<\/div>\n\n\t\n\n\t<div id=\"col-2006972228\" class=\"col medium-6 small-12 large-6\"  >\n\t\t\t\t<div class=\"col-inner\"  >\n\t\t\t\n\t\t\t\n\t<div class=\"img has-hover x md-x lg-x y md-y lg-y\" id=\"image_1790127201\">\n\t\t<a class=\"\" href=\"https:\/\/04tr88.one\/qc\/2\" target=\"_blank\" rel=\"noopener\">\t\t\t\t\t\t<div class=\"img-inner dark\" >\n\t\t\t<img loading=\"lazy\" decoding=\"async\" width=\"704\" height=\"267\" src=\"https:\/\/04tr88.one\/wp-content\/uploads\/2025\/11\/tr88-diemdanh.webp\" class=\"attachment-original size-original\" alt=\"04tr88\" srcset=\"https:\/\/04tr88.one\/wp-content\/uploads\/2025\/11\/tr88-diemdanh.webp 704w, https:\/\/04tr88.one\/wp-content\/uploads\/2025\/11\/tr88-diemdanh-300x114.webp 300w\" sizes=\"auto, (max-width: 704px) 100vw, 704px\" \/>\t\t\t\t\t\t\n\t\t\t\t\t<\/div>\n\t\t\t\t\t\t<\/a>\t\t\n<style>\n#image_1790127201 {\n  width: 100%;\n}\n<\/style>\n\t<\/div>\n\t\n\t<div id=\"text-1355368827\" class=\"text\">\n\t\t\n<h3 style=\"text-align: center;\"><span style=\"font-family: verdana, geneva, sans-serif;\"><strong><span style=\"color: #ed1c24;\">\u0110\u0103ng K\u00fd \u0111\u0103ng nh\u1eadp \u2013 B\u1eaft \u0110\u1ea7u Ngay Ch\u1ec9 Trong 30 Gi\u00e2y<\/span><\/strong><\/span><\/h3>\n<p><span style=\"font-family: verdana, geneva, sans-serif;\">04TR88\u00a0\u0111\u0103ng k\u00fd t\u00e0i kho\u1ea3n c\u1ef1c k\u1ef3 \u0111\u01a1n gi\u1ea3n: ch\u1ec9 c\u1ea7n s\u1ed1 \u0111i\u1ec7n tho\u1ea1i, m\u1eadt kh\u1ea9u v\u00e0 m\u00e3 x\u00e1c nh\u1eadn. Sau \u0111\u00f3, b\u1ea1n c\u00f3 th\u1ec3 \u0111\u0103ng nh\u1eadp\u00a0 v\u00e0 tr\u1ea3i nghi\u1ec7m to\u00e0n b\u1ed9 h\u1ec7 th\u1ed1ng tr\u00f2 ch\u01a1i v\u00e0 ch\u01b0\u01a1ng tr\u00ecnh khuy\u1ebfn m\u00e3i.<\/span><br \/>\n\t\t\n<style>\n#text-1355368827 {\n  color: rgb(0,0,0);\n}\n#text-1355368827 > * {\n  color: rgb(0,0,0);\n}\n<\/style>\n\t<\/div>\n\t\n\t\t<\/div>\n\t\t\t\t\t<\/div>\n\n\t\n<\/div>\n<div class=\"row\"  id=\"row-436529518\">\n\n\t<div id=\"col-238524420\" class=\"col medium-6 small-12 large-6\"  >\n\t\t\t\t<div class=\"col-inner\"  >\n\t\t\t\n\t\t\t\n\t<div class=\"img has-hover x md-x lg-x y md-y lg-y\" id=\"image_1572982572\">\n\t\t<a class=\"\" href=\"https:\/\/04tr88.one\/qc\/2\" target=\"_blank\" rel=\"noopener\">\t\t\t\t\t\t<div class=\"img-inner dark\" >\n\t\t\t<img loading=\"lazy\" decoding=\"async\" width=\"704\" height=\"267\" src=\"https:\/\/04tr88.one\/wp-content\/uploads\/2025\/11\/tr88-napdau.webp\" class=\"attachment-original size-original\" alt=\"04tr88\" srcset=\"https:\/\/04tr88.one\/wp-content\/uploads\/2025\/11\/tr88-napdau.webp 704w, https:\/\/04tr88.one\/wp-content\/uploads\/2025\/11\/tr88-napdau-300x114.webp 300w\" sizes=\"auto, (max-width: 704px) 100vw, 704px\" \/>\t\t\t\t\t\t\n\t\t\t\t\t<\/div>\n\t\t\t\t\t\t<\/a>\t\t\n<style>\n#image_1572982572 {\n  width: 100%;\n}\n<\/style>\n\t<\/div>\n\t\n\t<div id=\"text-1759030499\" class=\"text\">\n\t\t\n<h3 style=\"text-align: center;\"><span style=\"font-family: verdana, geneva, sans-serif;\"><strong><span style=\"color: #ed1c24;\">Giao D\u1ecbch Si\u00eau T\u1ed1c V\u00e0 An To\u00e0n<\/span><\/strong><\/span><\/h3>\n<p><span style=\"font-family: verdana, geneva, sans-serif;\"><strong>04TR88<\/strong>\u00a0h\u1ec7 th\u1ed1ng li\u00ean k\u1ebft \u0111a d\u1ea1ng t\u1ea5t c\u1ea3 ph\u01b0\u01a1ng th\u1ee9c thanh to\u00e1n nhanh ch\u00f3ng ,h\u1ea1n m\u1ee9c r\u00fat ti\u1ec1n cao v\u00e0 an to\u00e0n. \u0110\u1ec3 ng\u01b0\u1eddi d\u00f9ng c\u00f3 th\u1ec3 tr\u1ea3i nghi\u1ec7m \u0111\u01b0\u1ee3c ch\u1ea5t l\u01b0\u1ee3ng d\u1ecbch v\u1ee5 chuy\u00ean nghi\u1ec7p nh\u1ea5t<\/span><br \/>\n\t\t\n<style>\n#text-1759030499 {\n  color: rgb(0,0,0);\n}\n#text-1759030499 > * {\n  color: rgb(0,0,0);\n}\n<\/style>\n\t<\/div>\n\t\n\t\t<\/div>\n\t\t\t\t\t<\/div>\n\n\t\n\n\t<div id=\"col-1778687644\" class=\"col medium-6 small-12 large-6\"  >\n\t\t\t\t<div class=\"col-inner\"  >\n\t\t\t\n\t\t\t\n\t<div class=\"img has-hover x md-x lg-x y md-y lg-y\" id=\"image_1232314827\">\n\t\t<a class=\"\" href=\"https:\/\/04tr88.one\/qc\/2\" target=\"_blank\" rel=\"noopener\">\t\t\t\t\t\t<div class=\"img-inner dark\" >\n\t\t\t<img loading=\"lazy\" decoding=\"async\" width=\"704\" height=\"267\" src=\"https:\/\/04tr88.one\/wp-content\/uploads\/2025\/11\/TR88-CSKH.webp\" class=\"attachment-original size-original\" alt=\"\" srcset=\"https:\/\/04tr88.one\/wp-content\/uploads\/2025\/11\/TR88-CSKH.webp 704w, https:\/\/04tr88.one\/wp-content\/uploads\/2025\/11\/TR88-CSKH-300x114.webp 300w\" sizes=\"auto, (max-width: 704px) 100vw, 704px\" \/>\t\t\t\t\t\t\n\t\t\t\t\t<\/div>\n\t\t\t\t\t\t<\/a>\t\t\n<style>\n#image_1232314827 {\n  width: 100%;\n}\n<\/style>\n\t<\/div>\n\t\n\t<div id=\"text-2920627915\" class=\"text\">\n\t\t\n<h3 style=\"text-align: center;\" data-start=\"50\" data-end=\"332\"><span style=\"color: #ed1c24; font-family: verdana, geneva, sans-serif;\"><strong>\u0110\u1ed9i ng\u0169 h\u1ed7 tr\u1ee3 ch\u0103m s\u00f3c kh\u00e1ch h\u00e0ng 24\/7<\/strong><\/span><\/h3>\n<p><span style=\"font-family: verdana, geneva, sans-serif;\"><strong>04Tr88<\/strong>\u00a0lu\u00f4n ch\u00fa tr\u1ecdng v\u00e0o kh\u00e1ch h\u00e0ng n\u00ean ch\u00fang t\u00f4i \u0111\u00e3 chu\u1ea9n b\u1ecb ri\u00eang cho kh\u00e1ch h\u00e0ng m\u1ed9t \u0111\u1ed9i ng\u1ee7 h\u1ed7 tr\u1ee3, ch\u0103m s\u00f3c kh\u00e1ch h\u00e0ng ph\u1ee5c v\u1ee5 ch\u00fa \u0111\u00e1o v\u00e0 lu\u00f4n tr\u1ef1c tuy\u1ebfn 24\/7. \u0110\u1ec3 \u0111\u1ea3o b\u1ea3o c\u00e1c y\u00eau c\u1ea7u c\u1ee7a kh\u00e1c h\u00e0ng lu\u00f4n \u0111\u01b0\u1ee3c h\u1ed7 tr\u1ee3 gi\u1ea3i \u0111\u00e1p k\u1ecbp th\u1eddi, t\u1eadn t\u00e2m, nhanh ch\u00f3ng v\u00e0 ch\u1ea5t l\u01b0\u1ee3ng<\/span><br \/>\n\t\t\n<style>\n#text-2920627915 {\n  color: rgb(0,0,0);\n}\n#text-2920627915 > * {\n  color: rgb(0,0,0);\n}\n<\/style>\n\t<\/div>\n\t\n\t\t<\/div>\n\t\t\t\t\t<\/div>\n\n\t\n<\/div>\n","protected":false},"excerpt":{"rendered":"","protected":false},"author":1,"featured_media":19,"parent":0,"menu_order":0,"comment_status":"closed","ping_status":"closed","template":"","meta":{"footnotes":""},"class_list":["post-28","page","type-page","status-publish","has-post-thumbnail","hentry"],"_links":{"self":[{"href":"https:\/\/04tr88.one\/index.php?rest_route=\/wp\/v2\/pages\/28","targetHints":{"allow":["GET"]}}],"collection":[{"href":"https:\/\/04tr88.one\/index.php?rest_route=\/wp\/v2\/pages"}],"about":[{"href":"https:\/\/04tr88.one\/index.php?rest_route=\/wp\/v2\/types\/page"}],"author":[{"embeddable":true,"href":"https:\/\/04tr88.one\/index.php?rest_route=\/wp\/v2\/users\/1"}],"replies":[{"embeddable":true,"href":"https:\/\/04tr88.one\/index.php?rest_route=%2Fwp%2Fv2%2Fcomments&post=28"}],"version-history":[{"count":19,"href":"https:\/\/04tr88.one\/index.php?rest_route=\/wp\/v2\/pages\/28\/revisions"}],"predecessor-version":[{"id":83,"href":"https:\/\/04tr88.one\/index.php?rest_route=\/wp\/v2\/pages\/28\/revisions\/83"}],"wp:featuredmedia":[{"embeddable":true,"href":"https:\/\/04tr88.one\/index.php?rest_route=\/wp\/v2\/media\/19"}],"wp:attachment":[{"href":"https:\/\/04tr88.one\/index.php?rest_route=%2Fwp%2Fv2%2Fmedia&parent=28"}],"curies":[{"name":"wp","href":"https:\/\/api.w.org\/{rel}","templated":true}]}}